{"id":54554,"date":"2023-12-28T14:53:25","date_gmt":"2023-12-28T13:53:25","guid":{"rendered":"https:\/\/cafes-du-monde.fr\/produit\/uncategorized\/vintage-kaffeemuehle-120g\/"},"modified":"2024-03-26T20:40:36","modified_gmt":"2024-03-26T19:40:36","slug":"vintage-kaffeemuehle-120g","status":"publish","type":"product","link":"https:\/\/cafes-du-monde.fr\/de\/produit\/alle-unsere-zubehorteile\/vintage-kaffeemuehle-120g\/","title":{"rendered":"Vintage-Kaffeem\u00fchle 120g"},"content":{"rendered":"","protected":false},"excerpt":{"rendered":"<p><span style=\"color: #000000;\">Die manuelle Kaffeem\u00fchle von Hario ist mit konischen Mahlsteinen aus Keramik ausgestattet. Der Mahlgrad ist einstellbar und reicht von extrafein f\u00fcr einen Espresso bis zu grob gemahlenem Kaffee f\u00fcr Kolbenkaffeemaschinen.<\/span><\/p>\n<p><span style=\"color: #000000;\">Mit einem extra gro\u00dfen Fassungsverm\u00f6gen von 120 g sind die Schleifscheiben in Raststufen verstellbar und das Glasfach ist mit einem Deckel verschlie\u00dfbar.<\/span><\/p>\n<p><span style=\"color: #000000;\">Leicht zerlegbar und waschbar.<\/span><\/p>\n","protected":false},"featured_media":54556,"template":"","meta":{"_et_pb_use_builder":"","_et_pb_old_content":"","_et_gb_content_width":""},"product_brand":[],"product_cat":[264,308],"product_tag":[287],"class_list":{"0":"post-54554","1":"product","2":"type-product","3":"status-publish","4":"has-post-thumbnail","6":"product_cat-alle-unsere-zubehorteile","7":"product_cat-muhlen","8":"product_tag-hario-de","10":"first","11":"instock","12":"taxable","13":"shipping-taxable","14":"purchasable","15":"product-type-simple"},"_links":{"self":[{"href":"https:\/\/cafes-du-monde.fr\/de\/wp-json\/wp\/v2\/product\/54554","targetHints":{"allow":["GET"]}}],"collection":[{"href":"https:\/\/cafes-du-monde.fr\/de\/wp-json\/wp\/v2\/product"}],"about":[{"href":"https:\/\/cafes-du-monde.fr\/de\/wp-json\/wp\/v2\/types\/product"}],"wp:featuredmedia":[{"embeddable":true,"href":"https:\/\/cafes-du-monde.fr\/de\/wp-json\/wp\/v2\/media\/54556"}],"wp:attachment":[{"href":"https:\/\/cafes-du-monde.fr\/de\/wp-json\/wp\/v2\/media?parent=54554"}],"wp:term":[{"taxonomy":"product_brand","embeddable":true,"href":"https:\/\/cafes-du-monde.fr\/de\/wp-json\/wp\/v2\/product_brand?post=54554"},{"taxonomy":"product_cat","embeddable":true,"href":"https:\/\/cafes-du-monde.fr\/de\/wp-json\/wp\/v2\/product_cat?post=54554"},{"taxonomy":"product_tag","embeddable":true,"href":"https:\/\/cafes-du-monde.fr\/de\/wp-json\/wp\/v2\/product_tag?post=54554"}],"curies":[{"name":"wp","href":"https:\/\/api.w.org\/{rel}","templated":true}]}}