{"id":54161,"date":"2021-06-25T13:59:22","date_gmt":"2021-06-25T12:59:22","guid":{"rendered":"https:\/\/cafes-du-monde.fr\/produit\/uncategorized\/manuelle-kaffeemuehle-100-g\/"},"modified":"2024-03-27T20:54:46","modified_gmt":"2024-03-27T19:54:46","slug":"manuelle-kaffeemuehle-100-g","status":"publish","type":"product","link":"https:\/\/cafes-du-monde.fr\/de\/produit\/alle-unsere-zubehorteile\/manuelle-kaffeemuehle-100-g\/","title":{"rendered":"Manuelle Kaffeem\u00fchle 100 g"},"content":{"rendered":"","protected":false},"excerpt":{"rendered":"<p>Diese manuelle Kaffeem\u00fchle von Hario ist mit konischen Keramikmahlsteinen ausgestattet. Der Mahlgrad ist einstellbar und reicht von extra feinem Mahlgrad f\u00fcr Espresso bis zu extra grobem Mahlgrad f\u00fcr Kolbenkaffeemaschinen.<\/p>\n<p>Die M\u00fchle enth\u00e4lt ein luftdichtes Glas, in dem Sie den Rest Ihres gemahlenen Kaffees k\u00fchl aufbewahren k\u00f6nnen.<\/p>\n<p>Leicht zerlegbar und waschbar.<\/p>\n","protected":false},"featured_media":54162,"template":"","meta":{"_et_pb_use_builder":"","_et_pb_old_content":"","_et_gb_content_width":""},"product_brand":[],"product_cat":[264,308],"product_tag":[287],"class_list":{"0":"post-54161","1":"product","2":"type-product","3":"status-publish","4":"has-post-thumbnail","6":"product_cat-alle-unsere-zubehorteile","7":"product_cat-muhlen","8":"product_tag-hario-de","10":"first","11":"instock","12":"taxable","13":"shipping-taxable","14":"purchasable","15":"product-type-simple"},"_links":{"self":[{"href":"https:\/\/cafes-du-monde.fr\/de\/wp-json\/wp\/v2\/product\/54161","targetHints":{"allow":["GET"]}}],"collection":[{"href":"https:\/\/cafes-du-monde.fr\/de\/wp-json\/wp\/v2\/product"}],"about":[{"href":"https:\/\/cafes-du-monde.fr\/de\/wp-json\/wp\/v2\/types\/product"}],"wp:featuredmedia":[{"embeddable":true,"href":"https:\/\/cafes-du-monde.fr\/de\/wp-json\/wp\/v2\/media\/54162"}],"wp:attachment":[{"href":"https:\/\/cafes-du-monde.fr\/de\/wp-json\/wp\/v2\/media?parent=54161"}],"wp:term":[{"taxonomy":"product_brand","embeddable":true,"href":"https:\/\/cafes-du-monde.fr\/de\/wp-json\/wp\/v2\/product_brand?post=54161"},{"taxonomy":"product_cat","embeddable":true,"href":"https:\/\/cafes-du-monde.fr\/de\/wp-json\/wp\/v2\/product_cat?post=54161"},{"taxonomy":"product_tag","embeddable":true,"href":"https:\/\/cafes-du-monde.fr\/de\/wp-json\/wp\/v2\/product_tag?post=54161"}],"curies":[{"name":"wp","href":"https:\/\/api.w.org\/{rel}","templated":true}]}}