{"id":54005,"date":"2021-06-23T13:15:37","date_gmt":"2021-06-23T12:15:37","guid":{"rendered":"https:\/\/cafes-du-monde.fr\/produit\/uncategorized\/glasdeckel-fuer-kaffeemaschine\/"},"modified":"2024-03-27T21:24:26","modified_gmt":"2024-03-27T20:24:26","slug":"glasdeckel-fuer-kaffeemaschine","status":"publish","type":"product","link":"https:\/\/cafes-du-monde.fr\/de\/produit\/alle-unsere-zubehorteile\/glasdeckel-fuer-kaffeemaschine\/","title":{"rendered":"Glasdeckel f\u00fcr Kaffeemaschine"},"content":{"rendered":"","protected":false},"excerpt":{"rendered":"<p>Dieser speziell f\u00fcr Chemex-Kaffeemaschinen entwickelte Deckel sorgt daf\u00fcr, dass der Kaffee l\u00e4nger die ideale Temperatur hat.<\/p>\n<p><span style=\"color: #000000;\">Dieser Deckel ist mit allen Chemex-Kaffeemaschinen in allen Gr\u00f6\u00dfen kompatibel.<\/span><\/p>\n","protected":false},"featured_media":54006,"template":"","meta":{"_et_pb_use_builder":"","_et_pb_old_content":"","_et_gb_content_width":""},"product_brand":[],"product_cat":[264,269],"product_tag":[277],"class_list":{"0":"post-54005","1":"product","2":"type-product","3":"status-publish","4":"has-post-thumbnail","6":"product_cat-alle-unsere-zubehorteile","7":"product_cat-kaffeemaschinen-soft-methods","8":"product_tag-chemex-de","10":"first","11":"instock","12":"taxable","13":"shipping-taxable","14":"purchasable","15":"product-type-simple"},"_links":{"self":[{"href":"https:\/\/cafes-du-monde.fr\/de\/wp-json\/wp\/v2\/product\/54005","targetHints":{"allow":["GET"]}}],"collection":[{"href":"https:\/\/cafes-du-monde.fr\/de\/wp-json\/wp\/v2\/product"}],"about":[{"href":"https:\/\/cafes-du-monde.fr\/de\/wp-json\/wp\/v2\/types\/product"}],"wp:featuredmedia":[{"embeddable":true,"href":"https:\/\/cafes-du-monde.fr\/de\/wp-json\/wp\/v2\/media\/54006"}],"wp:attachment":[{"href":"https:\/\/cafes-du-monde.fr\/de\/wp-json\/wp\/v2\/media?parent=54005"}],"wp:term":[{"taxonomy":"product_brand","embeddable":true,"href":"https:\/\/cafes-du-monde.fr\/de\/wp-json\/wp\/v2\/product_brand?post=54005"},{"taxonomy":"product_cat","embeddable":true,"href":"https:\/\/cafes-du-monde.fr\/de\/wp-json\/wp\/v2\/product_cat?post=54005"},{"taxonomy":"product_tag","embeddable":true,"href":"https:\/\/cafes-du-monde.fr\/de\/wp-json\/wp\/v2\/product_tag?post=54005"}],"curies":[{"name":"wp","href":"https:\/\/api.w.org\/{rel}","templated":true}]}}