{"id":53981,"date":"2021-06-23T12:48:34","date_gmt":"2021-06-23T11:48:34","guid":{"rendered":"https:\/\/cafes-du-monde.fr\/produit\/uncategorized\/schachtel-mit-100-filtern-aus-naturpapier\/"},"modified":"2024-03-27T21:24:24","modified_gmt":"2024-03-27T20:24:24","slug":"schachtel-mit-100-filtern-aus-naturpapier","status":"publish","type":"product","link":"https:\/\/cafes-du-monde.fr\/de\/produit\/alle-unsere-zubehorteile\/schachtel-mit-100-filtern-aus-naturpapier\/","title":{"rendered":"Schachtel mit 100 Filtern aus Naturpapier"},"content":{"rendered":"","protected":false},"excerpt":{"rendered":"<p><span style=\"color: #000000;\">Packung mit 100 nat\u00fcrlichen Filtern (T3 oder T6) f\u00fcr CHEMEX-Kaffeemaschinen. Sie sind in eine konische Form vorgefaltet, um eine gleichm\u00e4\u00dfige Extraktion zu erm\u00f6glichen und das volle Aroma Ihres Kaffees zu entfalten.<\/span><\/p>\n","protected":false},"featured_media":53985,"template":"","meta":{"_et_pb_use_builder":"","_et_pb_old_content":"","_et_gb_content_width":""},"product_brand":[],"product_cat":[264,269],"product_tag":[277],"class_list":{"0":"post-53981","1":"product","2":"type-product","3":"status-publish","4":"has-post-thumbnail","6":"product_cat-alle-unsere-zubehorteile","7":"product_cat-kaffeemaschinen-soft-methods","8":"product_tag-chemex-de","10":"first","11":"instock","12":"taxable","13":"shipping-taxable","14":"purchasable","15":"product-type-variable"},"_links":{"self":[{"href":"https:\/\/cafes-du-monde.fr\/de\/wp-json\/wp\/v2\/product\/53981","targetHints":{"allow":["GET"]}}],"collection":[{"href":"https:\/\/cafes-du-monde.fr\/de\/wp-json\/wp\/v2\/product"}],"about":[{"href":"https:\/\/cafes-du-monde.fr\/de\/wp-json\/wp\/v2\/types\/product"}],"wp:featuredmedia":[{"embeddable":true,"href":"https:\/\/cafes-du-monde.fr\/de\/wp-json\/wp\/v2\/media\/53985"}],"wp:attachment":[{"href":"https:\/\/cafes-du-monde.fr\/de\/wp-json\/wp\/v2\/media?parent=53981"}],"wp:term":[{"taxonomy":"product_brand","embeddable":true,"href":"https:\/\/cafes-du-monde.fr\/de\/wp-json\/wp\/v2\/product_brand?post=53981"},{"taxonomy":"product_cat","embeddable":true,"href":"https:\/\/cafes-du-monde.fr\/de\/wp-json\/wp\/v2\/product_cat?post=53981"},{"taxonomy":"product_tag","embeddable":true,"href":"https:\/\/cafes-du-monde.fr\/de\/wp-json\/wp\/v2\/product_tag?post=53981"}],"curies":[{"name":"wp","href":"https:\/\/api.w.org\/{rel}","templated":true}]}}