{"id":53934,"date":"2021-06-23T11:42:14","date_gmt":"2021-06-23T10:42:14","guid":{"rendered":"https:\/\/cafes-du-monde.fr\/produit\/uncategorized\/aeropress-go-kit-350-filter\/"},"modified":"2024-05-12T23:44:03","modified_gmt":"2024-05-12T22:44:03","slug":"aeropress-go-kit-350-filter","status":"publish","type":"product","link":"https:\/\/cafes-du-monde.fr\/de\/produit\/alle-unsere-zubehorteile\/aeropress-go-kit-350-filter\/","title":{"rendered":"Aeropress GO Kit + 350 Filter"},"content":{"rendered":"","protected":false},"excerpt":{"rendered":"<div>\n<p><span style=\"color: #000000;\">Die legend\u00e4re<\/span><strong style=\"color: #000000;\">Aeropresskehrt<\/strong> <span style=\"color: #000000;\">in einer noch kompakteren Version f\u00fcr Reisende und Kaffeeliebhaber zur\u00fcck!<\/span><\/p>\n<\/div>\n<div><span style=\"color: #000000;\"> <strong>Die aeropress<\/strong> erm\u00f6glicht es, mit einer Vielzahl von einfachen Rezepten und einem mit unterschiedlichen Profilen zu spielen. Man sch\u00e4tzt den samtigen K\u00f6rper und die geringe Bitterkeit seiner Tasse&#8230;<\/span><\/div>\n","protected":false},"featured_media":53936,"template":"","meta":{"_et_pb_use_builder":"","_et_pb_old_content":"","_et_gb_content_width":""},"product_brand":[],"product_cat":[264,269],"product_tag":[270],"class_list":{"0":"post-53934","1":"product","2":"type-product","3":"status-publish","4":"has-post-thumbnail","6":"product_cat-alle-unsere-zubehorteile","7":"product_cat-kaffeemaschinen-soft-methods","8":"product_tag-aeropress-de","10":"first","11":"instock","12":"taxable","13":"shipping-taxable","14":"purchasable","15":"product-type-simple"},"_links":{"self":[{"href":"https:\/\/cafes-du-monde.fr\/de\/wp-json\/wp\/v2\/product\/53934","targetHints":{"allow":["GET"]}}],"collection":[{"href":"https:\/\/cafes-du-monde.fr\/de\/wp-json\/wp\/v2\/product"}],"about":[{"href":"https:\/\/cafes-du-monde.fr\/de\/wp-json\/wp\/v2\/types\/product"}],"wp:featuredmedia":[{"embeddable":true,"href":"https:\/\/cafes-du-monde.fr\/de\/wp-json\/wp\/v2\/media\/53936"}],"wp:attachment":[{"href":"https:\/\/cafes-du-monde.fr\/de\/wp-json\/wp\/v2\/media?parent=53934"}],"wp:term":[{"taxonomy":"product_brand","embeddable":true,"href":"https:\/\/cafes-du-monde.fr\/de\/wp-json\/wp\/v2\/product_brand?post=53934"},{"taxonomy":"product_cat","embeddable":true,"href":"https:\/\/cafes-du-monde.fr\/de\/wp-json\/wp\/v2\/product_cat?post=53934"},{"taxonomy":"product_tag","embeddable":true,"href":"https:\/\/cafes-du-monde.fr\/de\/wp-json\/wp\/v2\/product_tag?post=53934"}],"curies":[{"name":"wp","href":"https:\/\/api.w.org\/{rel}","templated":true}]}}