{"id":53897,"date":"2021-06-23T08:49:05","date_gmt":"2021-06-23T07:49:05","guid":{"rendered":"https:\/\/cafes-du-monde.fr\/produit\/uncategorized\/keramik-aufbewahrungsdose-schwarz-250-500g\/"},"modified":"2024-05-13T23:08:17","modified_gmt":"2024-05-13T22:08:17","slug":"keramik-aufbewahrungsdose-schwarz-250-500g","status":"publish","type":"product","link":"https:\/\/cafes-du-monde.fr\/de\/produit\/alle-unsere-zubehorteile\/keramik-aufbewahrungsdose-schwarz-250-500g\/","title":{"rendered":"Keramik-Aufbewahrungsdose Schwarz 250\/500g"},"content":{"rendered":"","protected":false},"excerpt":{"rendered":"<p><span style=\"color: #000000;\">Die meisten Vorratsbeh\u00e4lter f\u00fcr Kaffee sind &#8220;luftdicht&#8221;, was bedeutet, dass sie die Luft im Inhalt einschlie\u00dfen. <b>Airscape<\/b> sorgt mit einer patentierten Technologie daf\u00fcr, dass die Luft entzogen und nach au\u00dfen gedr\u00fcckt wird, um die Haltbarkeit des Kaffees zu verl\u00e4ngern.<\/span><\/p>\n","protected":false},"featured_media":53906,"template":"","meta":{"_et_pb_use_builder":"","_et_pb_old_content":"","_et_gb_content_width":""},"product_brand":[],"product_cat":[264,265],"product_tag":[266],"class_list":{"0":"post-53897","1":"product","2":"type-product","3":"status-publish","4":"has-post-thumbnail","6":"product_cat-alle-unsere-zubehorteile","7":"product_cat-aufbewahrungsdosen","8":"product_tag-airscape-de","10":"first","11":"instock","12":"taxable","13":"shipping-taxable","14":"purchasable","15":"product-type-variable"},"_links":{"self":[{"href":"https:\/\/cafes-du-monde.fr\/de\/wp-json\/wp\/v2\/product\/53897","targetHints":{"allow":["GET"]}}],"collection":[{"href":"https:\/\/cafes-du-monde.fr\/de\/wp-json\/wp\/v2\/product"}],"about":[{"href":"https:\/\/cafes-du-monde.fr\/de\/wp-json\/wp\/v2\/types\/product"}],"wp:featuredmedia":[{"embeddable":true,"href":"https:\/\/cafes-du-monde.fr\/de\/wp-json\/wp\/v2\/media\/53906"}],"wp:attachment":[{"href":"https:\/\/cafes-du-monde.fr\/de\/wp-json\/wp\/v2\/media?parent=53897"}],"wp:term":[{"taxonomy":"product_brand","embeddable":true,"href":"https:\/\/cafes-du-monde.fr\/de\/wp-json\/wp\/v2\/product_brand?post=53897"},{"taxonomy":"product_cat","embeddable":true,"href":"https:\/\/cafes-du-monde.fr\/de\/wp-json\/wp\/v2\/product_cat?post=53897"},{"taxonomy":"product_tag","embeddable":true,"href":"https:\/\/cafes-du-monde.fr\/de\/wp-json\/wp\/v2\/product_tag?post=53897"}],"curies":[{"name":"wp","href":"https:\/\/api.w.org\/{rel}","templated":true}]}}