{"id":53481,"date":"2021-05-10T10:09:54","date_gmt":"2021-05-10T09:09:54","guid":{"rendered":"https:\/\/cafes-du-monde.fr\/produit\/uncategorized\/geschenkkarte\/"},"modified":"2024-05-28T17:49:27","modified_gmt":"2024-05-28T16:49:27","slug":"geschenkkarte","status":"publish","type":"product","link":"https:\/\/cafes-du-monde.fr\/de\/produit\/geschenkideen\/geschenkkarte\/","title":{"rendered":"Geschenkkarte"},"content":{"rendered":"","protected":false},"excerpt":{"rendered":"<p>Machen Sie einem Ihrer Lieben eine Freude und schenken Sie ihm eine Geschenkkarte im Wert von 25, 50 oder 100 \u20ac, die im gesamten Online-Shop oder auch in unserem Gesch\u00e4ft in Stra\u00dfburg eingel\u00f6st werden kann!<\/p>\n","protected":false},"featured_media":53488,"template":"","meta":{"_et_pb_use_builder":"","_et_pb_old_content":"","_et_gb_content_width":""},"product_brand":[],"product_cat":[228,227],"product_tag":[],"class_list":{"0":"post-53481","1":"product","2":"type-product","3":"status-publish","4":"has-post-thumbnail","6":"product_cat-geschenkideen","7":"product_cat-geschenkkarten","9":"first","10":"instock","11":"purchasable","12":"product-type-pw-gift-card","13":"has-default-attributes"},"_links":{"self":[{"href":"https:\/\/cafes-du-monde.fr\/de\/wp-json\/wp\/v2\/product\/53481","targetHints":{"allow":["GET"]}}],"collection":[{"href":"https:\/\/cafes-du-monde.fr\/de\/wp-json\/wp\/v2\/product"}],"about":[{"href":"https:\/\/cafes-du-monde.fr\/de\/wp-json\/wp\/v2\/types\/product"}],"wp:featuredmedia":[{"embeddable":true,"href":"https:\/\/cafes-du-monde.fr\/de\/wp-json\/wp\/v2\/media\/53488"}],"wp:attachment":[{"href":"https:\/\/cafes-du-monde.fr\/de\/wp-json\/wp\/v2\/media?parent=53481"}],"wp:term":[{"taxonomy":"product_brand","embeddable":true,"href":"https:\/\/cafes-du-monde.fr\/de\/wp-json\/wp\/v2\/product_brand?post=53481"},{"taxonomy":"product_cat","embeddable":true,"href":"https:\/\/cafes-du-monde.fr\/de\/wp-json\/wp\/v2\/product_cat?post=53481"},{"taxonomy":"product_tag","embeddable":true,"href":"https:\/\/cafes-du-monde.fr\/de\/wp-json\/wp\/v2\/product_tag?post=53481"}],"curies":[{"name":"wp","href":"https:\/\/api.w.org\/{rel}","templated":true}]}}