{"id":53460,"date":"2021-07-01T13:57:48","date_gmt":"2021-07-01T12:57:48","guid":{"rendered":"https:\/\/cafes-du-monde.fr\/mentions-legales-et-politique-de-confidentialite\/"},"modified":"2024-02-12T19:35:54","modified_gmt":"2024-02-12T18:35:54","slug":"rechtliche-hinweise-und-datenschutzrichtlinie","status":"publish","type":"page","link":"https:\/\/cafes-du-monde.fr\/de\/rechtliche-hinweise-und-datenschutzrichtlinie\/","title":{"rendered":"Rechtliche Hinweise und Datenschutzrichtlinie"},"content":{"rendered":"<p>[et_pb_section fb_built=&#8221;1&#8243; _builder_version=&#8221;4.16&#8243; _module_preset=&#8221;default&#8221; global_colors_info=&#8221;{}&#8221;][et_pb_row _builder_version=&#8221;4.16&#8243; _module_preset=&#8221;default&#8221; global_colors_info=&#8221;{}&#8221;][et_pb_column type=&#8221;4_4&#8243; _builder_version=&#8221;4.16&#8243; _module_preset=&#8221;default&#8221; global_colors_info=&#8221;{}&#8221;][et_pb_text _builder_version=&#8221;4.16&#8243; _module_preset=&#8221;default&#8221; header_2_font=&#8221;||||||||&#8221; header_2_text_align=&#8221;center&#8221; global_colors_info=&#8221;{}&#8221;]<\/p>\n<h2>Rechtliche Hinweise und Datenschutzrichtlinie<\/h2>\n<p>[\/et_pb_text][\/et_pb_column][\/et_pb_row][et_pb_row _builder_version=&#8221;4.16&#8243; _module_preset=&#8221;default&#8221; global_colors_info=&#8221;{}&#8221;][et_pb_column type=&#8221;4_4&#8243; _builder_version=&#8221;4.16&#8243; _module_preset=&#8221;default&#8221; global_colors_info=&#8221;{}&#8221;][et_pb_text _builder_version=&#8221;4.20.4&#8243; _module_preset=&#8221;default&#8221; link_text_color=&#8221;#CC9C53&#8243; header_2_font=&#8221;||||||||&#8221; header_2_text_align=&#8221;center&#8221; text_orientation=&#8221;justified&#8221; hover_enabled=&#8221;0&#8243; global_colors_info=&#8221;{}&#8221; sticky_enabled=&#8221;0&#8243;]<\/p>\n<p>Das Unternehmen CAFES DU MONDE ist um die Rechte von Einzelpersonen besorgt, insbesondere im Hinblick auf automatisierte Datenverarbeitungen, und hat im Bestreben um Transparenz gegen\u00fcber seinen Kunden eine Politik eingef\u00fchrt, die alle diese Datenverarbeitungen, die von ihnen verfolgten Zwecke sowie die den Einzelpersonen zur Verf\u00fcgung stehenden Handlungsm\u00f6glichkeiten auff\u00fchrt, damit sie ihre Rechte bestm\u00f6glich aus\u00fcben k\u00f6nnen.<\/p>\n<p>Weitere Informationen zum Schutz personenbezogener Daten finden Sie auf folgender Website<span style=\"color: #000000;\"> : <\/span><a href=\"https:\/\/www.cnil.fr\/\" style=\"color: #000000;\" target=\"_blank\" rel=\"noopener\">https:\/\/www.cnil.fr\/<\/a><\/p>\n<p>Die Fortsetzung der Navigation auf dieser Website bedeutet die vorbehaltlose Annahme der folgenden Bestimmungen und Nutzungsbedingungen.<\/p>\n<p>Die derzeit online verf\u00fcgbare Version dieser Nutzungsbedingungen ist w\u00e4hrend der gesamten Nutzungsdauer der Website und bis zu ihrer Ersetzung durch eine neue Version die einzig verbindliche.<\/p>\n<p><span style=\"color: #000000;\"><strong>Artikel 1 &#8211; Rechtliche Hinweise<\/strong><\/span><\/p>\n<p><span style=\"color: #000000;\"><u>1.1 Website\u00a0 (im Folgenden &#8220;die Seite \u00bb)<\/u>\u00a0:\u00a0<\/span><\/p>\n<p><span style=\"color: #000000;\">\u00a0<\/span><\/p>\n<p><span style=\"color: #000000;\">www.cafes-du-monde.fr<\/span><\/p>\n<p><span style=\"color: #000000;\">\u00a0<\/span><\/p>\n<p><span style=\"color: #000000;\"><u>1.2 Herausgeber (im Folgenden &#8220;der Herausgeber&#8221;)<\/u>\u00a0:\u00a0<\/span><\/p>\n<p><span style=\"color: #000000;\">\u00a0<\/span><\/p>\n<p>Das Unternehmen CAFES DU MONDE<\/p>\n<p>mit Sitz: 5 Petite rue du vieux march\u00e9 aux vins, 67000 Strasbourg<\/p>\n<p>eingetragen im Handelsregister von Stra\u00dfburg unter der Nummer 894 011 402.<\/p>\n<p>Telefonnummer: 07 67 29 21 55<\/p>\n<p>E-Mail-Adresse<span style=\"color: #000000;\"> :\u00a0 cafesmonde@gmail.com<\/span><\/p>\n<p><span style=\"color: #000000;\"><u>1.3 Hosting-Anbieter (im Folgenden &#8220;der Host&#8221; \u00bb)<\/u>\u00a0:\u00a0<\/span><\/p>\n<p><span style=\"color: #000000;\">\u00a0<\/span><\/p>\n<p><span style=\"color: #000000;\"><a href=\"http:\/\/www.cafes-du-monde.fr\" style=\"color: #000000;\">www.cafes-du-monde.fr<\/a> wird von LWS gehostet, dessen Hauptsitz sich in 4 Rue Galvani 75017 Paris befindet.<\/span><\/p>\n<p><span style=\"color: #000000;\">\u00a0<\/span><\/p>\n<p><span style=\"color: #000000;\"><strong>Artikel 2 &#8211; Zugang zur Website<\/strong><\/span><\/p>\n<p>Der Zugang zur Website und ihre Nutzung sind ausschlie\u00dflich f\u00fcr den pers\u00f6nlichen Gebrauch bestimmt. Sie verpflichten sich, diese Website und die darin enthaltenen Informationen oder Daten nicht zu kommerziellen, politischen oder Werbezwecken sowie f\u00fcr jede Form von kommerzieller Werbung und insbesondere f\u00fcr das Versenden von unerw\u00fcnschten E-Mails zu nutzen.<\/p>\n<p><span style=\"color: #000000;\"><strong>Artikel 3 &#8211; Inhalt der Seite<\/strong><\/span><\/p>\n<p>Alle Marken, Fotografien, Texte, Kommentare, Illustrationen, animierten oder nicht animierten Bilder, Videosequenzen, T\u00f6ne sowie alle Computeranwendungen, die f\u00fcr das Funktionieren dieser Website verwendet werden k\u00f6nnen, und ganz allgemein alle auf der Website reproduzierten oder verwendeten Elemente sind durch die geltenden Gesetze zum Schutz des geistigen Eigentums gesch\u00fctzt.<\/p>\n<p>Sie sind das vollst\u00e4ndige und uneingeschr\u00e4nkte Eigentum des Herausgebers oder seiner Partner. Jede Vervielf\u00e4ltigung, Darstellung, Nutzung oder Anpassung, in welcher Form auch immer, aller oder eines Teils dieser Elemente, einschlie\u00dflich der Computeranwendungen, ohne die vorherige schriftliche Zustimmung des Herausgebers ist strengstens untersagt. Die Tatsache, dass der Herausgeber bei Kenntnisnahme dieser nicht genehmigten Nutzungen kein Verfahren einleitet, bedeutet nicht, dass er diese Nutzungen akzeptiert und auf eine Strafverfolgung verzichtet.<\/p>\n<p><span style=\"color: #000000;\"><strong>Artikel 4 &#8211; Verwaltung der Website<\/strong><\/span><\/p>\n<p>F\u00fcr die ordnungsgem\u00e4\u00dfe Verwaltung der Website kann der Herausgeber jederzeit :<\/p>\n<p>&#8211; den Zugang zur gesamten oder zu Teilen der Website aussetzen, unterbrechen oder einschr\u00e4nken, den Zugang zur Website oder zu bestimmten Teilen der Website einer bestimmten Kategorie von Internetnutzern vorbehalten;<\/p>\n<p>&#8211; alle Informationen zu l\u00f6schen, die den Betrieb der Website st\u00f6ren k\u00f6nnten oder gegen nationale oder internationale Gesetze versto\u00dfen;<\/p>\n<p>&#8211; die Website auszusetzen, um Aktualisierungen vorzunehmen<span style=\"color: #000000;\">.<\/span><\/p>\n<p><span style=\"color: #000000;\"><strong>Artikel 5 &#8211; Verantwortlichkeiten<\/strong><\/span><\/p>\n<p>Der Herausgeber kann nicht f\u00fcr Fehler, Pannen, Schwierigkeiten oder Betriebsunterbrechungen haftbar gemacht werden, die den Zugang zur Website oder zu einer ihrer Funktionen verhindern.<\/p>\n<p>Das von Ihnen verwendete Material f\u00fcr die Verbindung mit der Website unterliegt Ihrer alleinigen Verantwortung. Sie m\u00fcssen alle geeigneten Ma\u00dfnahmen ergreifen, um Ihre Hardware und Ihre eigenen Daten insbesondere vor Virenangriffen \u00fcber das Internet zu sch\u00fctzen. Dar\u00fcber hinaus sind Sie allein verantwortlich f\u00fcr die Websites und Daten, die Sie aufrufen<span style=\"color: #000000;\">.<\/span><\/p>\n<p><span style=\"color: #000000;\">\u00a0<\/span><\/p>\n<p>Der Herausgeber kann nicht haftbar gemacht werden, wenn Sie strafrechtlich verfolgt werden:<\/p>\n<p>&#8211; aufgrund der Nutzung der Website oder eines \u00fcber das Internet zug\u00e4nglichen Dienstes ;<\/p>\n<p>&#8211; aufgrund der Nichteinhaltung der vorliegenden Allgemeinen Gesch\u00e4ftsbedingungen durch Sie<span style=\"color: #000000;\">.<\/span><\/p>\n<p><span style=\"color: #000000;\">\u00a0<\/span><\/p>\n<p>Der Herausgeber haftet nicht f\u00fcr Sch\u00e4den, die Ihnen, Dritten und\/oder Ihrer Ausr\u00fcstung durch Ihre Verbindung oder Nutzung der Website entstehen, und Sie verzichten auf jegliche Klage gegen ihn aus diesem Grund.<\/p>\n<p>Sollte der Herausgeber aufgrund Ihrer Nutzung der Website Gegenstand eines g\u00fctlichen oder gerichtlichen Verfahrens werden, kann er sich an Sie wenden, um alle Sch\u00e4den, Summen, Verurteilungen und Kosten, die sich aus diesem Verfahren ergeben k\u00f6nnten, ersetzt zu bekommen.<\/p>\n<p><span style=\"color: #000000;\"><strong>Artikel 6 &#8211; Hyperlinks<br \/><\/strong>\u00a0<\/span><\/p>\n<p>Die Einrichtung von Hypertext-Links zu allen oder einem Teil der Website durch die Nutzer ist vom Herausgeber gestattet. Jeder Link muss auf einfache Anfrage des Herausgebers entfernt werden.<\/p>\n<p>Alle Informationen, die \u00fcber einen Link zu anderen Websites zug\u00e4nglich sind, werden nicht vom Herausgeber ver\u00f6ffentlicht. Der Herausgeber verf\u00fcgt \u00fcber keinerlei Rechte an den Inhalten, die in diesen Links enthalten sind<span style=\"color: #000000;\">.\u00a0<\/span><\/p>\n<p><span style=\"color: #000000;\"><strong>Artikel 7 &#8211; Datenerhebung und -schutz<\/strong><\/span><\/p>\n<p><span style=\"color: #000000;\">\u00a0<\/span><\/p>\n<p>Ihre Daten werden von dem Unternehmen CAFES DU MONDE gesammelt.<\/p>\n<p>Ein personenbezogenes Datum bezeichnet jede Information \u00fcber eine identifizierte oder identifizierbare nat\u00fcrliche Person (betroffene Person); als identifizierbar gilt eine Person, die direkt oder indirekt identifiziert werden kann, insbesondere durch Bezugnahme auf einen Namen, eine Identifikationsnummer oder auf ein oder mehrere spezifische Elemente, die ihrer physischen, physiologischen, genetischen, psychischen, wirtschaftlichen, kulturellen oder sozialen Identit\u00e4t eigen sind.<\/p>\n<p>Die pers\u00f6nlichen Daten, die auf der Website gesammelt werden k\u00f6nnen, werden vom Herausgeber haupts\u00e4chlich f\u00fcr die Verwaltung der Beziehungen mit Ihnen und gegebenenfalls f\u00fcr die Bearbeitung Ihrer Bestellungen verwendet.<\/p>\n<p>&nbsp;<\/p>\n<p>Die gesammelten pers\u00f6nlichen Daten sind die folgenden:<\/p>\n<p>&#8211; Name und Vorname<\/p>\n<p>&#8211; E-Mail-Adresse<\/p>\n<p>&#8211; Telefonnummer<\/p>\n<p>&#8211; Firma<\/p>\n<p>&#8211; Postanschrift<\/p>\n<p><span style=\"color: #000000;\">\u00a0<\/span><\/p>\n<p><span style=\"color: #000000;\"><strong>Artikel 8 &#8211; Recht auf Zugang, Berichtigung und Auslistung Ihrer Daten<\/strong><\/span><\/p>\n<p><span style=\"color: #000000;\">\u00a0<\/span><\/p>\n<p><span style=\"color: #000000;\">In Anwendung der geltenden Vorschriften \u00fcber personenbezogene Daten haben die Nutzer folgende Rechte :<\/span><\/p>\n<ul>\n<li><span style=\"color: #000000;\">das Recht auf Zugang: Sie k\u00f6nnen ihr Recht auf Zugang aus\u00fcben, um zu erfahren, welche personenbezogenen Daten \u00fcber sie gespeichert sind, indem sie an die unten genannte E-Mail-Adresse schreiben. In diesem Fall kann die Plattform vor der Aus\u00fcbung dieses Rechts einen Nachweis der Identit\u00e4t des Nutzers verlangen, um die Richtigkeit der Daten zu \u00fcberpr\u00fcfen ;<\/span><\/li>\n<li><span style=\"color: #000000;\">das Recht auf Berichtigung: Wenn die von der Plattform gehaltenen personenbezogenen Daten unrichtig sind, k\u00f6nnen sie die Aktualisierung der Informationen verlangen ;<\/span><\/li>\n<li><span style=\"color: #000000;\">das Recht auf Datenl\u00f6schung: Nutzer k\u00f6nnen gem\u00e4\u00df den geltenden Datenschutzgesetzen die L\u00f6schung ihrer personenbezogenen Daten verlangen ;<\/span><\/li>\n<li><span style=\"color: #000000;\">das Recht auf Einschr\u00e4nkung der Verarbeitung: Nutzer k\u00f6nnen von der Plattform verlangen, die Verarbeitung personenbezogener Daten gem\u00e4\u00df den in der DSGVO vorgesehenen Annahmen einzuschr\u00e4nken ;<\/span><\/li>\n<li><span style=\"color: #000000;\">das Recht, der Verarbeitung von Daten zu widersprechen: Nutzer k\u00f6nnen der Verarbeitung ihrer Daten gem\u00e4\u00df den in der DSGVO vorgesehenen Annahmen widersprechen ;<\/span><\/li>\n<li>das Recht auf \u00dcbertragbarkeit: Sie k\u00f6nnen verlangen, dass die Plattform ihnen die von ihnen bereitgestellten personenbezogenen Daten aush\u00e4ndigt, um sie an eine neue Plattform weiterzugeben.<\/li>\n<\/ul>\n<p>Sie k\u00f6nnen dieses Recht aus\u00fcben, indem Sie uns unter der folgenden Adresse kontaktieren:<\/p>\n<p>5 Petite rue du vieux march\u00e9 aux vins, 67000 Strasbourg.<\/p>\n<p>&nbsp;<\/p>\n<p>Oder per E-Mail, an die Adresse<span style=\"color: #000000;\"> :<\/span><\/p>\n<p><span style=\"color: #000000;\">cafesmonde@gmail.com<\/span><\/p>\n<p><span style=\"color: #000000;\">\u00a0<\/span><\/p>\n<p>Jedem Antrag muss eine Fotokopie eines g\u00fcltigen, unterschriebenen Identit\u00e4tsnachweises beigef\u00fcgt werden und die Adresse enthalten, unter der der Herausgeber den Antragsteller kontaktieren kann. Die Antwort wird innerhalb eines Monats nach Eingang des Antrags \u00fcbermittelt. Diese einmonatige Frist kann um zwei Monate verl\u00e4ngert werden, wenn die Komplexit\u00e4t des Antrags und\/oder die Anzahl der Antr\u00e4ge dies erfordern.<\/p>\n<p>&nbsp;<\/p>\n<p>Dar\u00fcber hinaus und seit dem Gesetz Nr. 2016-1321 vom 7. Oktober 2016 haben Personen, die dies w\u00fcnschen, die M\u00f6glichkeit, den Verbleib ihrer Daten nach ihrem Tod zu organisieren. Weitere Informationen zu diesem Thema finden Sie auf der Website der CNIL.<span style=\"color: #000000;\"> : https:\/\/www.cnil.fr\/.<\/span><\/p>\n<p><span style=\"color: #000000;\">\u00a0<\/span><\/p>\n<p><span style=\"color: #000000;\">Nutzer k\u00f6nnen auch eine Beschwerde bei der CNIL auf der CNIL-Website einreichen. : <a href=\"https:\/\/www.cnil.fr\" style=\"color: #000000;\" target=\"_blank\" rel=\"noopener\">https:\/\/www.cnil.fr<\/a>.\u00a0<\/span><\/p>\n<p><span style=\"color: #000000;\">\u00a0<\/span><\/p>\n<p><span style=\"color: #000000;\">Wir empfehlen Ihnen, sich zun\u00e4chst an uns zu wenden, bevor Sie eine Beschwerde bei der CNIL einreichen, da wir Ihnen bei der L\u00f6sung Ihres Problems gerne behilflich sind. <\/span><\/p>\n<p><span style=\"color: #000000;\">\u00a0<\/span><\/p>\n<p><span style=\"color: #000000;\"><strong>Artikel 9 &#8211; Verwendung der Daten<\/strong><\/span><\/p>\n<p><span style=\"color: #000000;\">\u00a0<\/span><\/p>\n<p><span style=\"color: #000000;\">Die von den Nutzern erhobenen personenbezogenen Daten dienen dazu, die Dienste der Plattform zur Verf\u00fcgung zu stellen, sie zu verbessern und eine sichere Umgebung aufrechtzuerhalten. Die Rechtsgrundlage f\u00fcr die Datenverarbeitung ist die Erf\u00fcllung des Vertrags zwischen dem Nutzer und der Plattform. Im Einzelnen werden folgende Nutzungen vorgenommen :<\/span><\/p>\n<p><span style=\"color: #000000;\">\u00a0<\/span><\/p>\n<p>&#8211; Zugang und Nutzung der Plattform durch den Nutzer ;<\/p>\n<p>&#8211; Verwaltung des Betriebs und Optimierung der Plattform ;<\/p>\n<p>&#8211; Durchf\u00fchrung von Nutzerunterst\u00fctzung ;<\/p>\n<p>&#8211; \u00dcberpr\u00fcfung, Identifizierung und Authentifizierung der vom Nutzer \u00fcbermittelten Daten ;<\/p>\n<p>&#8211; Personalisierung der Dienste durch Einblenden von Werbung auf der Grundlage des Browserverlaufs des Nutzers, entsprechend seinen Pr\u00e4ferenzen ;<\/p>\n<p>&#8211; Verhinderung und Erkennung von Betrug, Malware (b\u00f6sartige Software oder Schadsoftware) und Verwaltung von Sicherheitsvorf\u00e4llen ;<\/p>\n<p>&#8211; Verwaltung m\u00f6glicher Streitigkeiten mit Nutzern ;<\/p>\n<p>&#8211; Zusendung von kommerziellen Informationen und Werbung, je nach den Pr\u00e4ferenzen des Nutzers<span style=\"color: #000000;\"> ;<\/span><\/p>\n<p><span style=\"color: #000000;\">\u00a0<\/span><\/p>\n<p><span style=\"color: #000000;\"><strong>Artikel 10 &#8211; Politik der Datenaufbewahrung<\/strong><\/span><\/p>\n<p><span style=\"color: #000000;\">\u00a0<\/span><\/p>\n<p>Die Plattform speichert Ihre Daten so lange, wie es notwendig ist, um Ihnen ihre Dienste oder Unterst\u00fctzung zur Verf\u00fcgung zu stellen.<\/p>\n<p>Soweit dies vern\u00fcnftigerweise notwendig oder erforderlich ist, um gesetzlichen oder regulatorischen Verpflichtungen nachzukommen, Streitigkeiten beizulegen, Betrug und Missbrauch zu verhindern oder unsere Allgemeinen Gesch\u00e4ftsbedingungen durchzusetzen, k\u00f6nnen wir einige Ihrer Daten bei Bedarf auch dann aufbewahren, wenn Sie Ihr Konto geschlossen haben oder wir sie nicht mehr ben\u00f6tigen, um Ihnen unsere Dienstleistungen zu erbringen<span style=\"color: #000000;\">.<\/span><\/p>\n<p><span style=\"color: #000000;\">\u00a0<\/span><\/p>\n<p><span style=\"color: #000000;\"><strong>Artikel 11- Weitergabe von personenbezogenen Daten an Dritte<\/strong><\/span><\/p>\n<p><span style=\"color: #000000;\">\u00a0<\/span><\/p>\n<p>Personenbezogene Daten k\u00f6nnen in folgenden F\u00e4llen ausschlie\u00dflich in der Europ\u00e4ischen Union an Drittunternehmen weitergegeben werden:<\/p>\n<p>&#8211; wenn der Nutzer in den freien Kommentarbereichen der Plattform \u00f6ffentlich zug\u00e4ngliche Informationen ver\u00f6ffentlicht ;<\/p>\n<p>&#8211; wenn der Nutzer der Website eines Dritten den Zugriff auf seine Daten gestattet ;<\/p>\n<p>&#8211; wenn die Plattform die Dienste von Dienstleistern in Anspruch nimmt, um Nutzerunterst\u00fctzung, Werbung und Zahlungsdienste zu erbringen. Diese Dienstleister haben im Rahmen der Erbringung dieser Leistungen einen begrenzten Zugang zu den Daten des Nutzers und sind vertraglich verpflichtet, diese Daten in \u00dcbereinstimmung mit den geltenden Datenschutzbestimmungen zu verwenden;<\/p>\n<p>&#8211; Wenn es gesetzlich vorgeschrieben ist, kann die Plattform Daten weitergeben, um Beschwerden gegen die Plattform nachzugehen und Verwaltungs- und Gerichtsverfahren zu erf\u00fcllen<span style=\"color: #000000;\">.<\/span><\/p>\n<p><span style=\"color: #000000;\">\u00a0<\/span><\/p>\n<p><span style=\"color: #000000;\"><strong>Artikel 12 &#8211; Kommerzielle Angebote<\/strong><\/span><\/p>\n<p><span style=\"color: #000000;\">\u00a0<\/span><\/p>\n<p>Es kann sein, dass Sie kommerzielle Angebote des Herausgebers erhalten. Wenn Sie dies nicht w\u00fcnschen, klicken Sie bitte auf den folgenden Link: cafesmonde@gmail.com<\/p>\n<p>Ihre Daten k\u00f6nnen von den Partnern des Herausgebers zu Zwecken der kommerziellen Werbung verwendet werden. Wenn Sie dies nicht w\u00fcnschen, klicken Sie bitte auf folgenden Link: cafesmonde@gmail.com<\/p>\n<p>Wenn Sie beim Besuch der Website auf personenbezogene Daten zugreifen, m\u00fcssen Sie von jeder Sammlung, jeder nicht genehmigten Nutzung und jeder Handlung, die eine Verletzung des Privatlebens oder des Rufs von Personen darstellen k\u00f6nnte, Abstand nehmen. Der Herausgeber \u00fcbernimmt diesbez\u00fcglich keine Verantwortung.<\/p>\n<p>Die Daten werden f\u00fcr einen Zeitraum aufbewahrt und genutzt, der mit den geltenden Gesetzen \u00fcbereinstimmt.<\/p>\n<p><span style=\"color: #000000;\"><strong>Artikel 13 &#8211; Cookies<\/strong>\u00a0<\/span><\/p>\n<p><span style=\"color: #000000;\">\u00a0<\/span><\/p>\n<p>Was ist ein &#8220;Cookie&#8221;?<\/p>\n<p>Ein &#8220;Cookie&#8221; oder Tracer ist eine elektronische Datei, die auf einem Endger\u00e4t (Computer, Tablet, Smartphone,&#8230;) abgelegt und z. B. beim Besuch einer Website, beim Lesen einer E-Mail, bei der Installation oder Nutzung einer Software oder einer mobilen Anwendung gelesen wird, und zwar unabh\u00e4ngig von der Art des verwendeten Endger\u00e4ts (Quelle<span style=\"color: #000000;\"> : <\/span><a href=\"https:\/\/www.cnil.fr\/fr\/cookies-traceurs-que-dit-la-loi\" style=\"color: #000000;\" target=\"_blank\" rel=\"noopener\">https:\/\/www.cnil.fr\/fr\/cookies-traceurs-que-dit-la-loi<\/a><span style=\"color: #000000;\">).<\/span><\/p>\n<p>Beim Surfen auf dieser Website k\u00f6nnen &#8220;Cookies&#8221;, die von der f\u00fcr die betreffende Website verantwortlichen Gesellschaft und\/oder von Drittfirmen stammen, auf Ihrem Terminal abgelegt werden.<\/p>\n<p>Bei der ersten Navigation auf dieser Website erscheint ein Banner, das \u00fcber die Verwendung von &#8220;Cookies&#8221; aufkl\u00e4rt. Wenn der Kunde und\/oder Interessent weiter surft, wird davon ausgegangen, dass er \u00fcber die Verwendung dieser &#8220;Cookies&#8221; informiert ist und ihr zugestimmt hat. Die erteilte Zustimmung ist f\u00fcr einen Zeitraum von dreizehn (13) Monaten g\u00fcltig. Der Nutzer hat die M\u00f6glichkeit, Cookies \u00fcber die Einstellungen seines Browsers zu deaktivieren.<\/p>\n<p>&nbsp;<\/p>\n<p>Alle gesammelten Informationen werden nur verwendet, um das Volumen, die Art und das Muster des Verkehrs, der diese Website nutzt, zu verfolgen, um das Design und die Anordnung der Website weiterzuentwickeln und f\u00fcr andere Verwaltungs- und Planungszwecke sowie allgemein zur Verbesserung der Dienstleistungen, die wir Ihnen anbieten, zu verwenden.<\/p>\n<p>&nbsp;<\/p>\n<p>Die folgenden Cookies sind auf dieser Seite vorhanden<span style=\"color: #000000;\">:\u00a0<\/span><\/p>\n<p><span style=\"color: #000000;\">\u00a0<\/span><\/p>\n<p><span style=\"color: #000000;\"><strong>Google Cookies :<\/strong><\/span><\/p>\n<p>&#8211; Google analytics: erm\u00f6glicht es, das Publikum der Website zu messen ;<br \/>&#8211; Google tag manager: erleichtert die Implementierung von Tags auf den Seiten und erm\u00f6glicht die Verwaltung von Google-Tags ;<br \/>&#8211; Google Adsense: Googles Werbenetzwerk, das Webseiten oder YouTube-Videos als Medium f\u00fcr seine Anzeigen nutzt ;<br \/>&#8211; Google Dynamic Remarketing: erm\u00f6glicht es, Ihnen dynamische Werbung auf der Grundlage fr\u00fcherer Suchanfragen anzubieten ;<br \/>&#8211; Google Adwords Conversion: Tool zur Verfolgung von Adwords-Werbekampagnen ;<br \/>&#8211; DoubleClick: Werbecookies von Google, um Banner zu schalten.<\/p>\n<p><span style=\"color: #000000;\">\u00a0<\/span><\/p>\n<p><span style=\"color: #000000;\"><strong>Cookies Facebook &amp; Instagram :<\/strong><\/span><\/p>\n<p>&#8211; Facebook connect: erm\u00f6glicht es, sich mit seinem Facebook-Konto anzumelden ;<br \/>&#8211; Facebook social plugins: erm\u00f6glicht es, Inhalte mit einem Facebook-Konto zu liken, zu teilen und zu kommentieren ;<br \/>&#8211; Facebook Custom Audience: erm\u00f6glicht die Interaktion mit dem Publikum auf Facebook.<\/p>\n<p>&#8211; Cookies f\u00fcr das Kontaktformular.<\/p>\n<p>&nbsp;<\/p>\n<p>Die Lebensdauer dieser Cookies betr\u00e4gt dreizehn Monate.<\/p>\n<p>&nbsp;<\/p>\n<p>Weitere Informationen \u00fcber die Verwendung, Verwaltung und L\u00f6schung von &#8220;Cookies&#8221; f\u00fcr alle Arten von Browsern finden Sie unter folgendem Link<span style=\"color: #000000;\"> : <\/span><a href=\"https:\/\/www.cnil.fr\/fr\/cookies-les-outils-pour-les-maitriser\" style=\"color: #000000;\" target=\"_blank\" rel=\"noopener\">https:\/\/www.cnil.fr\/fr\/cookies-les-outils-pour-les-maitriser<\/a><span style=\"color: #000000;\">.<\/span><\/p>\n<p><span style=\"color: #000000;\"><strong>Artikel 14 &#8211; Fotografien und Darstellung von Produkten<\/strong><\/span><\/p>\n<p>Die Produktfotografien, die die Beschreibung der Produkte begleiten, sind nicht vertraglich bindend und verpflichten den Herausgeber nicht.<\/p>\n<p><span style=\"color: #000000;\"><strong>Artikel 15 &#8211; Anwendbares Recht<\/strong><\/span><\/p>\n<p><span style=\"color: #000000;\">Die vorliegenden Nutzungsbedingungen f\u00fcr die Website unterliegen franz\u00f6sischem Recht und der Zust\u00e4ndigkeit der Gerichte am Sitz des Herausgebers, vorbehaltlich einer speziellen Zust\u00e4ndigkeitszuweisung, die sich aus einem besonderen Gesetzes- oder Verordnungstext ergibt.<\/span><\/p>\n<p><span style=\"color: #000000;\"><strong>Artikel 16 &#8211; Kontaktieren Sie uns<\/strong><\/span><\/p>\n<p><span style=\"color: #000000;\">F\u00fcr Fragen, Informationen \u00fcber die auf der Website vorgestellten Produkte oder \u00fcber die Website selbst k\u00f6nnen Sie eine Nachricht an folgende Adresse hinterlassen : cafesmonde@gmail.com<\/span><\/p>\n<p><span style=\"color: #000000;\">\u00a0<\/span><\/p>\n<p><span style=\"color: #000000;\">\u00a0<\/span><\/p>\n<p>[\/et_pb_text][\/et_pb_column][\/et_pb_row][\/et_pb_section]<\/p>\n","protected":false},"excerpt":{"rendered":"<p>Rechtliche Hinweise und DatenschutzrichtlinieDas Unternehmen CAFES DU MONDE ist um die Rechte von Einzelpersonen besorgt, insbesondere im Hinblick auf automatisierte Datenverarbeitungen, und hat im Bestreben um Transparenz gegen\u00fcber seinen Kunden eine Politik eingef\u00fchrt, die alle diese Datenverarbeitungen, die von ihnen verfolgten Zwecke sowie die den Einzelpersonen zur Verf\u00fcgung stehenden Handlungsm\u00f6glichkeiten auff\u00fchrt, damit sie ihre Rechte [&hellip;]<\/p>\n","protected":false},"author":1,"featured_media":0,"parent":0,"menu_order":0,"comment_status":"closed","ping_status":"closed","template":"","meta":{"_et_pb_use_builder":"on","_et_pb_old_content":"","_et_gb_content_width":"","footnotes":""},"class_list":["post-53460","page","type-page","status-publish","hentry"],"_links":{"self":[{"href":"https:\/\/cafes-du-monde.fr\/de\/wp-json\/wp\/v2\/pages\/53460","targetHints":{"allow":["GET"]}}],"collection":[{"href":"https:\/\/cafes-du-monde.fr\/de\/wp-json\/wp\/v2\/pages"}],"about":[{"href":"https:\/\/cafes-du-monde.fr\/de\/wp-json\/wp\/v2\/types\/page"}],"author":[{"embeddable":true,"href":"https:\/\/cafes-du-monde.fr\/de\/wp-json\/wp\/v2\/users\/1"}],"replies":[{"embeddable":true,"href":"https:\/\/cafes-du-monde.fr\/de\/wp-json\/wp\/v2\/comments?post=53460"}],"version-history":[{"count":0,"href":"https:\/\/cafes-du-monde.fr\/de\/wp-json\/wp\/v2\/pages\/53460\/revisions"}],"wp:attachment":[{"href":"https:\/\/cafes-du-monde.fr\/de\/wp-json\/wp\/v2\/media?parent=53460"}],"curies":[{"name":"wp","href":"https:\/\/api.w.org\/{rel}","templated":true}]}}