{"id":53392,"date":"2021-06-30T15:20:29","date_gmt":"2021-06-30T14:20:29","guid":{"rendered":"https:\/\/cafes-du-monde.fr\/allgemeine-verkaufsbedingungen\/"},"modified":"2024-02-12T18:44:03","modified_gmt":"2024-02-12T17:44:03","slug":"allgemeine-verkaufsbedingungen","status":"publish","type":"page","link":"https:\/\/cafes-du-monde.fr\/de\/allgemeine-verkaufsbedingungen\/","title":{"rendered":"Allgemeine Verkaufsbedingungen"},"content":{"rendered":"<p>[et_pb_section fb_built=&#8221;1&#8243; _builder_version=&#8221;4.9.7&#8243; _module_preset=&#8221;default&#8221; global_colors_info=&#8221;{}&#8221;][et_pb_row _builder_version=&#8221;4.9.7&#8243; _module_preset=&#8221;default&#8221; global_colors_info=&#8221;{}&#8221;][et_pb_column type=&#8221;4_4&#8243; _builder_version=&#8221;4.9.7&#8243; _module_preset=&#8221;default&#8221; global_colors_info=&#8221;{}&#8221;][et_pb_text _builder_version=&#8221;4.9.7&#8243; _module_preset=&#8221;default&#8221; header_2_font=&#8221;||||||||&#8221; header_2_text_align=&#8221;center&#8221; global_colors_info=&#8221;{}&#8221;]<\/p>\n<h2>Allgemeine Verkaufsbedingungen<\/h2>\n<p>[\/et_pb_text][\/et_pb_column][\/et_pb_row][et_pb_row _builder_version=&#8221;4.9.7&#8243; _module_preset=&#8221;default&#8221; global_colors_info=&#8221;{}&#8221;][et_pb_column type=&#8221;4_4&#8243; _builder_version=&#8221;4.9.7&#8243; _module_preset=&#8221;default&#8221; global_colors_info=&#8221;{}&#8221;][et_pb_text _builder_version=&#8221;4.9.7&#8243; _module_preset=&#8221;default&#8221; header_2_font=&#8221;||||||||&#8221; header_2_text_align=&#8221;center&#8221; text_orientation=&#8221;justified&#8221; global_colors_info=&#8221;{}&#8221;]<\/p>\n<p>Die vorliegenden Verkaufsbedingungen werden einerseits von der Gesellschaft CAFES DU MONDE mit einem Stammkapital von 5000 \u20ac und Sitz in 5 Petite rue du vieux march\u00e9 aux vins, 67000 Strasbourg, eingetragen im Handels- und Gesellschaftsregister von Strasbourg unter der Nummer 894011402, nachfolgend CAFES DU MONDE genannt, abgeschlossen, die die Website CAFES DU MONDE betreibt, <a href=\"http:\/\/www.caf%C3%A9s-du-monde.fr\" target=\"_blank\" rel=\"noopener\">www.cafes-du-monde.fr<\/a> und andererseits von jeder nat\u00fcrlichen oder juristischen Person, die \u00fcber die Website einen Kauf t\u00e4tigen m\u00f6chte, <a href=\"http:\/\/www.caf%C3%A9s-du-monde.fr\" target=\"_blank\" rel=\"noopener\">www.cafes-du-monde.fr<\/a> im Folgenden als &#8220;K\u00e4ufer&#8221; bezeichnet.<\/p>\n<p><strong>Artikel 1. Objekt<\/strong><\/p>\n<p>Die vorliegenden Verkaufsbedingungen sollen die vertraglichen Beziehungen zwischen CAFES DU MONDE und dem K\u00e4ufer sowie die Bedingungen festlegen, die f\u00fcr jeden Kauf gelten, der \u00fcber die Website CAFES DU MONDE<a href=\"http:\/\/www.caf%C3%A9s-du-monde.fr\" target=\"_blank\" rel=\"noopener\">, www.cafes-du-monde.fr,<\/a> get\u00e4tigt wird. Der Erwerb eines Produkts \u00fcber diese Website setzt die vorbehaltlose Annahme der vorliegenden Verkaufsbedingungen durch den K\u00e4ufer voraus, von denen der K\u00e4ufer best\u00e4tigt, sie vor seiner Bestellung zur Kenntnis genommen zu haben. Vor jeder Transaktion erkl\u00e4rt der K\u00e4ufer einerseits, dass der Kauf von Produkten auf der Website <a href=\"http:\/\/www.caf%C3%A9s-du-monde.fr\" target=\"_blank\" rel=\"noopener\">www.cafes-du-monde.fr<\/a> nicht in direktem Zusammenhang mit seiner beruflichen T\u00e4tigkeit steht und auf eine rein pers\u00f6nliche Nutzung beschr\u00e4nkt ist und andererseits die volle Rechtsf\u00e4higkeit besitzt, die es ihm erlaubt, sich im Rahmen der vorliegenden Allgemeinen Gesch\u00e4ftsbedingungen zu verpflichten.<\/p>\n<p>Die Gesellschaft CAFES DU MONDE beh\u00e4lt sich die M\u00f6glichkeit vor, diese Verkaufsbedingungen jederzeit zu \u00e4ndern, um neue Vorschriften einzuhalten oder die Nutzung ihrer Website zu verbessern. Aus diesem Grund gelten die Bedingungen, die zum Zeitpunkt der Bestellung durch den K\u00e4ufer g\u00fcltig sind.<\/p>\n<p><strong>Artikel 2. Produkte<\/strong><\/p>\n<p>Die angebotenen Produkte sind diejenigen, die auf der Website <a href=\"http:\/\/www.caf%C3%A9s-du-monde.fr\" target=\"_blank\" rel=\"noopener\">www.cafes-du-monde.fr<\/a> der Gesellschaft CAFES DU MONDE aufgef\u00fchrt sind, solange der Vorrat reicht. Die Firma CAFES DU MONDE beh\u00e4lt sich das Recht vor, das Produktsortiment jederzeit zu \u00e4ndern. Jedes Produkt wird auf der Website in Form einer Beschreibung vorgestellt, die die wichtigsten technischen Merkmale enth\u00e4lt. Die Fotografien sind so genau wie m\u00f6glich, verpflichten den Verk\u00e4ufer jedoch in keiner Weise. Der Verkauf der auf der Website <a href=\"http:\/\/www.caf%C3%A9s-du-monde.fr\" target=\"_blank\" rel=\"noopener\">www.cafes-du-monde.fr<\/a> dargestellten Produkte richtet sich an alle K\u00e4ufer, die in L\u00e4ndern ans\u00e4ssig sind, die die Einfuhr dieser Produkte in ihr Hoheitsgebiet vollst\u00e4ndig genehmigen.<\/p>\n<p><strong>Artikel 3. Tarife<\/strong><\/p>\n<p>Die Preise auf den Produktbl\u00e4ttern des Internetkatalogs und sind Preise in Euro (\u20ac) inklusive aller Steuern (TTC) unter Ber\u00fccksichtigung der am Tag der Bestellung geltenden Mehrwertsteuer. Jede \u00c4nderung des Mehrwertsteuersatzes kann sich auf den Preis der Produkte auswirken. Die Firma CAFES DU MONDE beh\u00e4lt sich das Recht vor, ihre Preise jederzeit zu \u00e4ndern. Es wird jedoch davon ausgegangen, dass der am Tag der Bestellung im Katalog aufgef\u00fchrte Preis der einzige f\u00fcr den K\u00e4ufer geltende Preis ist. Die angegebenen Preise enthalten keine Versandkosten, die je nach Gesamtbetrag der Bestellung zus\u00e4tzlich zum Preis der gekauften Produkte in Rechnung gestellt werden. Bei Bestellungen unter 49 Euro werden dem K\u00e4ufer die Versandkosten in H\u00f6he von 4,99 Euro bis 5,90 Euro (inkl. MwSt.) in Rechnung gestellt.<\/p>\n<p><strong>Artikel 4. Bestellung und Zahlungsmodalit\u00e4ten<\/strong><\/p>\n<p>Vor jeder Bestellung kann der K\u00e4ufer, wenn er dies w\u00fcnscht, ein Konto auf der Website <a href=\"http:\/\/www.caf%C3%A9s-du-monde.fr\/mon-compte\" target=\"_blank\" rel=\"noopener\">www.cafes-du-monde.fr\/mon-compte<\/a> einrichten. Der Men\u00fcpunkt zur Erstellung eines Kontos ist direkt \u00fcber die Men\u00fcleiste erreichbar. Bei jedem Besuch muss sich der K\u00e4ufer, wenn er etwas bestellen oder sein Konto (Bestellungen, Profil&#8230;) einsehen m\u00f6chte, mit diesen Informationen identifizieren. Die Firma CAFES DU MONDE bietet dem K\u00e4ufer die M\u00f6glichkeit, den Kauf seiner Produkte mit der folgenden Option zu bestellen und zu bezahlen:<\/p>\n<p><strong>&#8211; Zahlung per Kreditkarte (\u00fcber das STRIPE-System):<\/strong> Der K\u00e4ufer w\u00e4hlt die Produkte, die er bestellen m\u00f6chte, im &#8220;Warenkorb&#8221; aus, \u00e4ndert sie gegebenenfalls (Mengen, Referenzen&#8230;), \u00fcberpr\u00fcft die Lieferadresse oder gibt eine neue an. Dann werden die Versandkosten berechnet und dem K\u00e4ufer vorgelegt, ebenso wie der Name des Transportunternehmens. Anschlie\u00dfend w\u00e4hlt der K\u00e4ufer die Zahlungsmethode : <strong>Zahlung per Kreditkarte.<\/strong> Im n\u00e4chsten Schritt wird ihm angeboten, alle Informationen zu \u00fcberpr\u00fcfen, die vorliegenden Allgemeinen Gesch\u00e4ftsbedingungen zur Kenntnis zu nehmen und zu akzeptieren, indem er das entsprechende K\u00e4stchen ankreuzt. Anschlie\u00dfend wird er aufgefordert, seine Bestellung durch Klicken auf die Schaltfl\u00e4che &#8220;Meine Bestellung best\u00e4tigen&#8221; zu best\u00e4tigen. Wenn die Zahlung akzeptiert wird, wird die Bestellung registriert und der Vertrag kommt endg\u00fcltig zustande. Die Zahlung per Kreditkarte ist unwiderruflich. Im Falle einer betr\u00fcgerischen Verwendung der Karte kann der K\u00e4ufer die Stornierung der Kartenzahlung verlangen, die gezahlten Betr\u00e4ge werden dann wieder gutgeschrieben oder zur\u00fcckerstattet. Der Inhaber einer Bankkarte haftet nicht, wenn die beanstandete Zahlung nachweislich betr\u00fcgerisch, aus der Ferne und ohne physischen Einsatz seiner Karte get\u00e4tigt wurde. Um eine R\u00fcckerstattung der betr\u00fcgerischen Abbuchung und der dadurch eventuell entstandenen Bankgeb\u00fchren zu erhalten, muss der Karteninhaber die Abbuchung innerhalb von 70 Tagen nach der Abbuchung schriftlich bei seiner Bank anfechten, bzw. innerhalb von 120 Tagen, wenn der Vertrag mit der Bank dies vorsieht. Die abgebuchten Betr\u00e4ge werden von der Bank innerhalb von h\u00f6chstens einem Monat nach Eingang des schriftlichen Widerspruchs des \u00dcberbringers zur\u00fcckerstattet. Dem Inhaber d\u00fcrfen keine Kosten f\u00fcr die R\u00fcckgabe der Betr\u00e4ge auferlegt werden.<\/p>\n<p>Die Best\u00e4tigung einer Bestellung bedeutet die Annahme der vorliegenden Verkaufsbedingungen, die Anerkennung, diese vollst\u00e4ndig zu kennen, und den Verzicht auf die Geltendmachung eigener Einkaufsbedingungen. Die Gesamtheit der gelieferten Daten und die registrierte Best\u00e4tigung gelten als Beweis f\u00fcr die Transaktion. Wenn der K\u00e4ufer eine E-Mail-Adresse besitzt und diese auf seinem Bestellschein angegeben hat, wird ihm die Gesellschaft CAFES DU MONDE per E-Mail die Best\u00e4tigung der Registrierung seiner Bestellung mitteilen.<\/p>\n<p>Wenn der K\u00e4ufer die Firma CAFES DU MONDE kontaktieren m\u00f6chte, kann er dies entweder per Post an die folgende Adresse tun: CAFES DU MONDE, 5 Petite rue du vieux march\u00e9 aux vins, 67000 Strasbourg; oder per E-Mail an die folgende Adresse: cafesmonde@gmail.com oder telefonisch unter +33 <span>7 67 29 21 55<\/span><\/p>\n<p><strong>Artikel 5. Eigentumsvorbehalt<\/strong><\/p>\n<p>Die Gesellschaft CAFES DU MONDE beh\u00e4lt das volle und vollst\u00e4ndige Eigentum an den verkauften Produkten bis zur vollst\u00e4ndigen Einziehung des Preises, einschlie\u00dflich Hauptbetrag, Kosten und Steuern.<\/p>\n<p><strong>Artikel 6. Widerruf<\/strong><\/p>\n<p>Gem\u00e4\u00df Artikel L121-20 des franz\u00f6sischen Verbraucherschutzgesetzes verf\u00fcgt der K\u00e4ufer \u00fcber eine Frist von vierzehn Werktagen ab der Lieferung seiner Bestellung, um von seinem Widerrufsrecht Gebrauch zu machen und das Produkt zum Umtausch oder zur R\u00fcckerstattung ohne Strafe an den Verk\u00e4ufer zur\u00fcckzuschicken, mit Ausnahme der R\u00fccksendekosten und unter den folgenden Bedingungen: Das Produkt darf nicht ge\u00f6ffnet oder besch\u00e4digt sein und muss in seiner Originalverpackung mit Originalschutz zur\u00fcckgeschickt werden.<\/p>\n<p><strong>Artikel 7. Lieferung<\/strong><\/p>\n<p>Die Lieferungen erfolgen an die auf dem Bestellschein angegebene Adresse, die nur in der vereinbarten geografischen Zone liegen kann, oder an den vom K\u00e4ufer ausgew\u00e4hlten Relais-Punkt. Bestellungen werden \u00fcber LA POSTE COLISSIMO ausgef\u00fchrt\/geliefert, einem Lieferdienst mit Sendungsverfolgung, \u00dcbergabe ohne Unterschrift. Die Lieferfristen sind nur als Richtwerte zu verstehen; sollten sie drei\u00dfig Tage ab Bestellung \u00fcberschreiten, kann der Kaufvertrag aufgel\u00f6st und dem K\u00e4ufer der Kaufpreis erstattet werden. Die Firma CAFES DU MONDE kann dem K\u00e4ufer per E-Mail die Trackingnummer seines Pakets mitteilen. Der K\u00e4ufer wird von seinem Postboten zu Hause oder in einem Relais-Punkt beliefert, wenn er diese Option ausgew\u00e4hlt hat. Sollte der K\u00e4ufer bei der Lieferung nach Hause nicht anwesend sein, erh\u00e4lt er eine Benachrichtigung seines Postboten, so dass er die bestellten Produkte in der n\u00e4chstgelegenen Poststelle oder Paketstation w\u00e4hrend einer von den Postdiensten angegebenen Frist abholen kann. cDie mit dem Transport verbundenen Risiken liegen ab dem Zeitpunkt, an dem die Artikel die R\u00e4umlichkeiten der Gesellschaft CAFES DU MONDE verlassen, beim Erwerber. Der K\u00e4ufer ist verpflichtet, in Anwesenheit des Postbeamten oder des Zustellers den Zustand der Verpackung der Ware und ihren Inhalt bei der Lieferung zu \u00fcberpr\u00fcfen. Bei Transportsch\u00e4den muss innerhalb von drei Tagen nach der Lieferung beim Spediteur protestiert werden.<\/p>\n<p><strong>Artikel 8. Garantie<\/strong><\/p>\n<p>Alle von der Gesellschaft CAFES DU MONDE gelieferten Produkte unterliegen der gesetzlichen Garantie, die in den Artikeln 1641 ff. des Zivilgesetzbuches vorgesehen ist. Im Falle der Nicht\u00fcbereinstimmung eines verkauften Produkts kann es an die Gesellschaft CAFES DU MONDE zur\u00fcckgeschickt werden, die es zur\u00fccknimmt, umtauscht oder zur\u00fcckerstattet. Alle Reklamationen, Umtausch- oder Erstattungsantr\u00e4ge m\u00fcssen auf dem Postweg an die folgende Adresse erfolgen: CAFES DU MONDE, 5 Petite rue du vieux march\u00e9 aux vins, 67000 Strasbourg, innerhalb einer Frist von drei\u00dfig Tagen nach Lieferung.<\/p>\n<p><strong>Artikel 9. Verantwortung<\/strong><\/p>\n<p>Die Gesellschaft CAFES DU MONDE ist im Rahmen des Fernabsatzprozesses nur durch eine Mittelverpflichtung gebunden. Er kann nicht f\u00fcr Sch\u00e4den haftbar gemacht werden, die sich aus der Nutzung des Internets ergeben, wie z. B. Datenverlust, Eindringen, Viren, Ausfall des Dienstes oder andere unbeabsichtigte Probleme.<\/p>\n<p><strong>Artikel 10. Geistiges Eigentum<\/strong><\/p>\n<p>Alle Elemente der Website <a href=\"http:\/\/www.caf%C3%A9s-du-monde.fr\" target=\"_blank\" rel=\"noopener\">www.cafes-du-monde.fr<\/a> sind und bleiben das geistige und ausschlie\u00dfliche Eigentum der Gesellschaft CAFES DU MONDE. Es ist niemandem gestattet, Elemente der Website, seien es Fotos, Logos, Grafiken oder Texte, zu reproduzieren, auszuwerten oder zu irgendeinem Zweck zu verwenden, auch nicht teilweise.<\/p>\n<p><strong>Artikel 11. Pers\u00f6nliche Daten<\/strong><\/p>\n<p>Das Unternehmen CAFES DU MONDE verpflichtet sich, die Vertraulichkeit der vom K\u00e4ufer bereitgestellten Informationen zu wahren, die er f\u00fcr die Nutzung bestimmter Dienstleistungen \u00fcbermitteln k\u00f6nnte. Alle ihn betreffenden Informationen unterliegen den Bestimmungen des Gesetzes Nr. 78-17 vom 6. Januar 1978. In diesem Zusammenhang hat der Internetnutzer das Recht, auf die ihn betreffenden Informationen zuzugreifen, sie zu \u00e4ndern und zu l\u00f6schen. Er kann dies jederzeit per Post an die folgende Adresse beantragen: CAFES DU MONDE, 5 Petite rue du vieux march\u00e9 aux vins, 67000 Strasbourg<strong>.<\/strong><\/p>\n<p><strong>Artikel 12. Beilegung von Streitigkeiten<\/strong><\/p>\n<p>Die vorliegenden Bedingungen f\u00fcr den Fernabsatz unterliegen dem franz\u00f6sischen Recht. F\u00fcr alle Streitigkeiten oder Rechtsstreitigkeiten ist das Gericht in Stra\u00dfburg zust\u00e4ndig.<\/p>\n<p>[\/et_pb_text][\/et_pb_column][\/et_pb_row][\/et_pb_section]<\/p>\n","protected":false},"excerpt":{"rendered":"<p>Allgemeine VerkaufsbedingungenDie vorliegenden Verkaufsbedingungen werden einerseits von der Gesellschaft CAFES DU MONDE mit einem Stammkapital von 5000 \u20ac und Sitz in 5 Petite rue du vieux march\u00e9 aux vins, 67000 Strasbourg, eingetragen im Handels- und Gesellschaftsregister von Strasbourg unter der Nummer 894011402, nachfolgend CAFES DU MONDE genannt, abgeschlossen, die die Website CAFES DU MONDE betreibt, [&hellip;]<\/p>\n","protected":false},"author":1,"featured_media":0,"parent":0,"menu_order":0,"comment_status":"closed","ping_status":"closed","template":"","meta":{"_et_pb_use_builder":"on","_et_pb_old_content":"","_et_gb_content_width":"","footnotes":""},"class_list":["post-53392","page","type-page","status-publish","hentry"],"_links":{"self":[{"href":"https:\/\/cafes-du-monde.fr\/de\/wp-json\/wp\/v2\/pages\/53392","targetHints":{"allow":["GET"]}}],"collection":[{"href":"https:\/\/cafes-du-monde.fr\/de\/wp-json\/wp\/v2\/pages"}],"about":[{"href":"https:\/\/cafes-du-monde.fr\/de\/wp-json\/wp\/v2\/types\/page"}],"author":[{"embeddable":true,"href":"https:\/\/cafes-du-monde.fr\/de\/wp-json\/wp\/v2\/users\/1"}],"replies":[{"embeddable":true,"href":"https:\/\/cafes-du-monde.fr\/de\/wp-json\/wp\/v2\/comments?post=53392"}],"version-history":[{"count":0,"href":"https:\/\/cafes-du-monde.fr\/de\/wp-json\/wp\/v2\/pages\/53392\/revisions"}],"wp:attachment":[{"href":"https:\/\/cafes-du-monde.fr\/de\/wp-json\/wp\/v2\/media?parent=53392"}],"curies":[{"name":"wp","href":"https:\/\/api.w.org\/{rel}","templated":true}]}}